{"id":90,"date":"2025-02-18T14:43:59","date_gmt":"2025-02-18T13:43:59","guid":{"rendered":"https:\/\/forfriends.cafe\/?post_type=product&#038;p=90"},"modified":"2025-07-11T15:05:45","modified_gmt":"2025-07-11T13:05:45","slug":"coffee-for-friends","status":"publish","type":"product","link":"https:\/\/forfriends.cafe\/?product=coffee-for-friends","title":{"rendered":"Coffee For Friends 500g"},"content":{"rendered":"<p>Prav\u00e1 Taliansk\u00e1 zrnkov\u00e1 k\u00e1va, \u00fapra\u017een\u00e1 s t\u00fdch najlep\u0161\u00edch k\u00e1vov\u00fdch z\u0155n&#8230;.<\/p>\n","protected":false},"excerpt":{"rendered":"<p>Na\u0161a zmes Coffee for Friends sa sklad\u00e1 zo \u0161iestich druhov arabiky a jedn\u00e9ho druhu robusty v pomere 80% arabica a 20% robusta je:<\/p>\n<p><strong>Primerane hork\u00e1<\/strong>, aby ste si ju vychutnali \u2013 <strong>bez kyslosti<\/strong>, lebo \u017eivot je u\u017e tak dos\u0165 komplikovan\u00fd.<\/p>\n<p><strong>500g balenie<\/strong> pre minimaliz\u00e1ciu zvetrania Va\u0161ej k\u00e1vy.<\/p>\n","protected":false},"featured_media":14,"template":"","meta":{"_monsterinsights_skip_tracking":false,"_monsterinsights_sitenote_active":false,"_monsterinsights_sitenote_note":"","_monsterinsights_sitenote_category":0},"product_brand":[],"product_cat":[19],"product_tag":[],"class_list":{"0":"post-90","1":"product","2":"type-product","3":"status-publish","4":"has-post-thumbnail","6":"product_cat-zrnkova-kava","8":"first","9":"instock","10":"taxable","11":"shipping-taxable","12":"purchasable","13":"product-type-simple"},"yoast_head":"<!-- This site is optimized with the Yoast SEO plugin v24.5 - https:\/\/yoast.com\/wordpress\/plugins\/seo\/ -->\n<title>Coffee For Friends 500g - forfriends.cafe<\/title>\n<meta name=\"robots\" content=\"index, follow, max-snippet:-1, max-image-preview:large, max-video-preview:-1\" \/>\n<link rel=\"canonical\" href=\"https:\/\/forfriends.cafe\/?product=coffee-for-friends\" \/>\n<meta property=\"og:locale\" content=\"sk_SK\" \/>\n<meta property=\"og:type\" content=\"article\" \/>\n<meta property=\"og:title\" content=\"Coffee For Friends 500g - forfriends.cafe\" \/>\n<meta property=\"og:description\" content=\"Na\u0161a zmes Coffee for Friends sa sklad\u00e1 zo \u0161iestich druhov arabiky a jedn\u00e9ho druhu robusty v pomere 80% arabica a 20% robusta je:  Primerane hork\u00e1, aby ste si ju vychutnali \u2013 bez kyslosti, lebo \u017eivot je u\u017e tak dos\u0165 komplikovan\u00fd.  500g balenie pre minimaliz\u00e1ciu zvetrania Va\u0161ej k\u00e1vy.\" \/>\n<meta property=\"og:url\" content=\"https:\/\/forfriends.cafe\/?product=coffee-for-friends\" \/>\n<meta property=\"og:site_name\" content=\"forfriends.cafe\" \/>\n<meta property=\"article:modified_time\" content=\"2025-07-11T13:05:45+00:00\" \/>\n<meta property=\"og:image\" content=\"https:\/\/forfriends.cafe\/wp-content\/uploads\/2025\/02\/Coffee-for-Friends-png.webp\" \/>\n\t<meta property=\"og:image:width\" content=\"1600\" \/>\n\t<meta property=\"og:image:height\" content=\"1500\" \/>\n\t<meta property=\"og:image:type\" content=\"image\/png\" \/>\n<meta name=\"twitter:card\" content=\"summary_large_image\" \/>\n<meta name=\"twitter:label1\" content=\"Predpokladan\u00fd \u010das \u010d\u00edtania\" \/>\n\t<meta name=\"twitter:data1\" content=\"1 min\u00fata\" \/>\n<script type=\"application\/ld+json\" class=\"yoast-schema-graph\">{\"@context\":\"https:\/\/schema.org\",\"@graph\":[{\"@type\":\"WebPage\",\"@id\":\"https:\/\/forfriends.cafe\/?product=coffee-for-friends\",\"url\":\"https:\/\/forfriends.cafe\/?product=coffee-for-friends\",\"name\":\"Coffee For Friends 500g - forfriends.cafe\",\"isPartOf\":{\"@id\":\"https:\/\/forfriends.cafe\/#website\"},\"primaryImageOfPage\":{\"@id\":\"https:\/\/forfriends.cafe\/?product=coffee-for-friends#primaryimage\"},\"image\":{\"@id\":\"https:\/\/forfriends.cafe\/?product=coffee-for-friends#primaryimage\"},\"thumbnailUrl\":\"https:\/\/forfriends.cafe\/wp-content\/uploads\/2025\/02\/Coffee-for-Friends-png.webp\",\"datePublished\":\"2025-02-18T13:43:59+00:00\",\"dateModified\":\"2025-07-11T13:05:45+00:00\",\"breadcrumb\":{\"@id\":\"https:\/\/forfriends.cafe\/?product=coffee-for-friends#breadcrumb\"},\"inLanguage\":\"sk-SK\",\"potentialAction\":[{\"@type\":\"ReadAction\",\"target\":[\"https:\/\/forfriends.cafe\/?product=coffee-for-friends\"]}]},{\"@type\":\"ImageObject\",\"inLanguage\":\"sk-SK\",\"@id\":\"https:\/\/forfriends.cafe\/?product=coffee-for-friends#primaryimage\",\"url\":\"https:\/\/forfriends.cafe\/wp-content\/uploads\/2025\/02\/Coffee-for-Friends-png.webp\",\"contentUrl\":\"https:\/\/forfriends.cafe\/wp-content\/uploads\/2025\/02\/Coffee-for-Friends-png.webp\",\"width\":1600,\"height\":1500},{\"@type\":\"BreadcrumbList\",\"@id\":\"https:\/\/forfriends.cafe\/?product=coffee-for-friends#breadcrumb\",\"itemListElement\":[{\"@type\":\"ListItem\",\"position\":1,\"name\":\"Home\",\"item\":\"https:\/\/forfriends.cafe\/\"},{\"@type\":\"ListItem\",\"position\":2,\"name\":\"Obchod\",\"item\":\"https:\/\/forfriends.cafe\/?page_id=34\"},{\"@type\":\"ListItem\",\"position\":3,\"name\":\"Coffee For Friends 500g\"}]},{\"@type\":\"WebSite\",\"@id\":\"https:\/\/forfriends.cafe\/#website\",\"url\":\"https:\/\/forfriends.cafe\/\",\"name\":\"forfriends.cafe\",\"description\":\"K\u00e1va, ktor\u00e1 spoj\u00ed v\u0161etk\u00fdch od rann\u00fdch bru\u010dounov po ve\u010dn\u00fdch optimistov\",\"potentialAction\":[{\"@type\":\"SearchAction\",\"target\":{\"@type\":\"EntryPoint\",\"urlTemplate\":\"https:\/\/forfriends.cafe\/?s={search_term_string}\"},\"query-input\":{\"@type\":\"PropertyValueSpecification\",\"valueRequired\":true,\"valueName\":\"search_term_string\"}}],\"inLanguage\":\"sk-SK\"}]}<\/script>\n<!-- \/ Yoast SEO plugin. -->","yoast_head_json":{"title":"Coffee For Friends 500g - forfriends.cafe","robots":{"index":"index","follow":"follow","max-snippet":"max-snippet:-1","max-image-preview":"max-image-preview:large","max-video-preview":"max-video-preview:-1"},"canonical":"https:\/\/forfriends.cafe\/?product=coffee-for-friends","og_locale":"sk_SK","og_type":"article","og_title":"Coffee For Friends 500g - forfriends.cafe","og_description":"Na\u0161a zmes Coffee for Friends sa sklad\u00e1 zo \u0161iestich druhov arabiky a jedn\u00e9ho druhu robusty v pomere 80% arabica a 20% robusta je:  Primerane hork\u00e1, aby ste si ju vychutnali \u2013 bez kyslosti, lebo \u017eivot je u\u017e tak dos\u0165 komplikovan\u00fd.  500g balenie pre minimaliz\u00e1ciu zvetrania Va\u0161ej k\u00e1vy.","og_url":"https:\/\/forfriends.cafe\/?product=coffee-for-friends","og_site_name":"forfriends.cafe","article_modified_time":"2025-07-11T13:05:45+00:00","og_image":[{"width":1600,"height":1500,"url":"https:\/\/forfriends.cafe\/wp-content\/uploads\/2025\/02\/Coffee-for-Friends-png.webp","type":"image\/png"}],"twitter_card":"summary_large_image","twitter_misc":{"Predpokladan\u00fd \u010das \u010d\u00edtania":"1 min\u00fata"},"schema":{"@context":"https:\/\/schema.org","@graph":[{"@type":"WebPage","@id":"https:\/\/forfriends.cafe\/?product=coffee-for-friends","url":"https:\/\/forfriends.cafe\/?product=coffee-for-friends","name":"Coffee For Friends 500g - forfriends.cafe","isPartOf":{"@id":"https:\/\/forfriends.cafe\/#website"},"primaryImageOfPage":{"@id":"https:\/\/forfriends.cafe\/?product=coffee-for-friends#primaryimage"},"image":{"@id":"https:\/\/forfriends.cafe\/?product=coffee-for-friends#primaryimage"},"thumbnailUrl":"https:\/\/forfriends.cafe\/wp-content\/uploads\/2025\/02\/Coffee-for-Friends-png.webp","datePublished":"2025-02-18T13:43:59+00:00","dateModified":"2025-07-11T13:05:45+00:00","breadcrumb":{"@id":"https:\/\/forfriends.cafe\/?product=coffee-for-friends#breadcrumb"},"inLanguage":"sk-SK","potentialAction":[{"@type":"ReadAction","target":["https:\/\/forfriends.cafe\/?product=coffee-for-friends"]}]},{"@type":"ImageObject","inLanguage":"sk-SK","@id":"https:\/\/forfriends.cafe\/?product=coffee-for-friends#primaryimage","url":"https:\/\/forfriends.cafe\/wp-content\/uploads\/2025\/02\/Coffee-for-Friends-png.webp","contentUrl":"https:\/\/forfriends.cafe\/wp-content\/uploads\/2025\/02\/Coffee-for-Friends-png.webp","width":1600,"height":1500},{"@type":"BreadcrumbList","@id":"https:\/\/forfriends.cafe\/?product=coffee-for-friends#breadcrumb","itemListElement":[{"@type":"ListItem","position":1,"name":"Home","item":"https:\/\/forfriends.cafe\/"},{"@type":"ListItem","position":2,"name":"Obchod","item":"https:\/\/forfriends.cafe\/?page_id=34"},{"@type":"ListItem","position":3,"name":"Coffee For Friends 500g"}]},{"@type":"WebSite","@id":"https:\/\/forfriends.cafe\/#website","url":"https:\/\/forfriends.cafe\/","name":"forfriends.cafe","description":"K\u00e1va, ktor\u00e1 spoj\u00ed v\u0161etk\u00fdch od rann\u00fdch bru\u010dounov po ve\u010dn\u00fdch optimistov","potentialAction":[{"@type":"SearchAction","target":{"@type":"EntryPoint","urlTemplate":"https:\/\/forfriends.cafe\/?s={search_term_string}"},"query-input":{"@type":"PropertyValueSpecification","valueRequired":true,"valueName":"search_term_string"}}],"inLanguage":"sk-SK"}]}},"_links":{"self":[{"href":"https:\/\/forfriends.cafe\/index.php?rest_route=\/wp\/v2\/product\/90","targetHints":{"allow":["GET"]}}],"collection":[{"href":"https:\/\/forfriends.cafe\/index.php?rest_route=\/wp\/v2\/product"}],"about":[{"href":"https:\/\/forfriends.cafe\/index.php?rest_route=\/wp\/v2\/types\/product"}],"wp:featuredmedia":[{"embeddable":true,"href":"https:\/\/forfriends.cafe\/index.php?rest_route=\/wp\/v2\/media\/14"}],"wp:attachment":[{"href":"https:\/\/forfriends.cafe\/index.php?rest_route=%2Fwp%2Fv2%2Fmedia&parent=90"}],"wp:term":[{"taxonomy":"product_brand","embeddable":true,"href":"https:\/\/forfriends.cafe\/index.php?rest_route=%2Fwp%2Fv2%2Fproduct_brand&post=90"},{"taxonomy":"product_cat","embeddable":true,"href":"https:\/\/forfriends.cafe\/index.php?rest_route=%2Fwp%2Fv2%2Fproduct_cat&post=90"},{"taxonomy":"product_tag","embeddable":true,"href":"https:\/\/forfriends.cafe\/index.php?rest_route=%2Fwp%2Fv2%2Fproduct_tag&post=90"}],"curies":[{"name":"wp","href":"https:\/\/api.w.org\/{rel}","templated":true}]}}