{"id":35,"date":"2025-02-18T14:32:49","date_gmt":"2025-02-18T13:32:49","guid":{"rendered":"https:\/\/forfriends.cafe\/?page_id=35"},"modified":"2025-02-20T15:51:17","modified_gmt":"2025-02-20T14:51:17","slug":"kosik","status":"publish","type":"page","link":"https:\/\/forfriends.cafe\/?page_id=35","title":{"rendered":"Ko\u0161\u00edk"},"content":{"rendered":"<p><div class=\"fusion-fullwidth fullwidth-box fusion-builder-row-1 fusion-flex-container has-pattern-background has-mask-background nonhundred-percent-fullwidth non-hundred-percent-height-scrolling fusion-custom-z-index\" style=\"--awb-border-radius-top-left:0px;--awb-border-radius-top-right:0px;--awb-border-radius-bottom-right:0px;--awb-border-radius-bottom-left:0px;--awb-z-index:19;--awb-margin-top:0px;--awb-margin-bottom:0px;--awb-background-color:var(--awb-color2);--awb-flex-wrap:wrap;\" ><div class=\"fusion-builder-row fusion-row fusion-flex-align-items-flex-start fusion-flex-content-wrap\" style=\"max-width:1248px;margin-left: calc(-4% \/ 2 );margin-right: calc(-4% \/ 2 );\"><div class=\"fusion-layout-column fusion_builder_column fusion-builder-column-0 fusion_builder_column_1_2 1_2 fusion-flex-column fusion-flex-align-self-center\" style=\"--awb-bg-size:cover;--awb-width-large:50%;--awb-margin-top-large:0px;--awb-spacing-right-large:3.84%;--awb-margin-bottom-large:0px;--awb-spacing-left-large:3.84%;--awb-width-medium:50%;--awb-order-medium:0;--awb-spacing-right-medium:3.84%;--awb-spacing-left-medium:3.84%;--awb-width-small:100%;--awb-order-small:0;--awb-spacing-right-small:1.92%;--awb-spacing-left-small:1.92%;\" data-scroll-devices=\"small-visibility,medium-visibility,large-visibility\"><div class=\"fusion-column-wrapper fusion-column-has-shadow fusion-flex-justify-content-center fusion-content-layout-column\"><div class=\"fusion-image-element \" style=\"text-align:left;--awb-max-width:300px;--awb-caption-title-font-family:var(--h2_typography-font-family);--awb-caption-title-font-weight:var(--h2_typography-font-weight);--awb-caption-title-font-style:var(--h2_typography-font-style);--awb-caption-title-size:var(--h2_typography-font-size);--awb-caption-title-transform:var(--h2_typography-text-transform);--awb-caption-title-line-height:var(--h2_typography-line-height);--awb-caption-title-letter-spacing:var(--h2_typography-letter-spacing);\"><span class=\" fusion-imageframe imageframe-none imageframe-1 hover-type-none\"><a class=\"fusion-no-lightbox\" href=\"https:\/\/forfriends.cafe\/\" target=\"_self\" aria-label=\"Coffee-for-Friends-logo\"><img decoding=\"async\" width=\"800\" height=\"152\" src=\"https:\/\/forfriends.cafe\/wp-content\/uploads\/2025\/02\/Coffee-for-Friends-logo-png.webp\" alt class=\"img-responsive wp-image-22\" srcset=\"https:\/\/forfriends.cafe\/wp-content\/uploads\/2025\/02\/Coffee-for-Friends-logo-200x38.webp 200w, https:\/\/forfriends.cafe\/wp-content\/uploads\/2025\/02\/Coffee-for-Friends-logo-300x57.webp 300w, https:\/\/forfriends.cafe\/wp-content\/uploads\/2025\/02\/Coffee-for-Friends-logo-400x76.webp 400w, https:\/\/forfriends.cafe\/wp-content\/uploads\/2025\/02\/Coffee-for-Friends-logo-png-500x95.webp 500w, https:\/\/forfriends.cafe\/wp-content\/uploads\/2025\/02\/Coffee-for-Friends-logo-600x114.webp 600w, https:\/\/forfriends.cafe\/wp-content\/uploads\/2025\/02\/Coffee-for-Friends-logo-png-700x133.webp 700w, https:\/\/forfriends.cafe\/wp-content\/uploads\/2025\/02\/Coffee-for-Friends-logo-768x146.webp 768w, https:\/\/forfriends.cafe\/wp-content\/uploads\/2025\/02\/Coffee-for-Friends-logo-png.webp 800w\" sizes=\"(max-width: 640px) 100vw, 600px\" \/><\/a><\/span><\/div><\/div><\/div><div class=\"fusion-layout-column fusion_builder_column fusion-builder-column-1 fusion_builder_column_1_2 1_2 fusion-flex-column fusion-flex-align-self-center\" style=\"--awb-z-index:20;--awb-bg-size:cover;--awb-width-large:50%;--awb-margin-top-large:0px;--awb-spacing-right-large:3.84%;--awb-margin-bottom-large:0px;--awb-spacing-left-large:3.84%;--awb-width-medium:50%;--awb-order-medium:0;--awb-spacing-right-medium:3.84%;--awb-spacing-left-medium:3.84%;--awb-width-small:100%;--awb-order-small:0;--awb-spacing-right-small:1.92%;--awb-spacing-left-small:1.92%;\" data-scroll-devices=\"small-visibility,medium-visibility,large-visibility\"><div class=\"fusion-column-wrapper fusion-column-has-shadow fusion-flex-justify-content-center fusion-content-layout-column\"><nav class=\"awb-menu awb-menu_row awb-menu_em-hover mobile-mode-collapse-to-button awb-menu_icons-left awb-menu_dc-yes mobile-trigger-fullwidth-off awb-menu_mobile-toggle awb-menu_indent-left mobile-size-full-absolute loading mega-menu-loading awb-menu_desktop awb-menu_dropdown awb-menu_expand-right awb-menu_transition-fade\" style=\"--awb-gap:1em;--awb-justify-content:flex-end;--awb-color:var(--awb-color3);--awb-active-color:var(--awb-color3);--awb-icons-size:21;--awb-icons-color:var(--awb-color3);--awb-icons-hover-color:#ffffff;--awb-main-justify-content:flex-start;--awb-mobile-justify:flex-start;--awb-mobile-caret-left:auto;--awb-mobile-caret-right:0;--awb-fusion-font-family-typography:&quot;eurostile-extended&quot;;--awb-fusion-font-style-typography:normal;--awb-fusion-font-weight-typography:400;--awb-fusion-font-family-submenu-typography:inherit;--awb-fusion-font-style-submenu-typography:normal;--awb-fusion-font-weight-submenu-typography:400;--awb-fusion-font-family-mobile-typography:inherit;--awb-fusion-font-style-mobile-typography:normal;--awb-fusion-font-weight-mobile-typography:400;\" aria-label=\"Menu\" data-breakpoint=\"1024\" data-count=\"0\" data-transition-type=\"fade\" data-transition-time=\"300\" data-expand=\"right\"><button type=\"button\" class=\"awb-menu__m-toggle awb-menu__m-toggle_no-text\" aria-expanded=\"false\" aria-controls=\"menu-menu\"><span class=\"awb-menu__m-toggle-inner\"><span class=\"collapsed-nav-text\"><span class=\"screen-reader-text\">Toggle Navigation<\/span><\/span><span class=\"awb-menu__m-collapse-icon awb-menu__m-collapse-icon_no-text\"><span class=\"awb-menu__m-collapse-icon-open awb-menu__m-collapse-icon-open_no-text fa-bars fas\"><\/span><span class=\"awb-menu__m-collapse-icon-close awb-menu__m-collapse-icon-close_no-text fa-times fas\"><\/span><\/span><\/span><\/button><ul id=\"menu-menu\" class=\"fusion-menu awb-menu__main-ul awb-menu__main-ul_row\"><li  id=\"menu-item-168\"  class=\"menu-item menu-item-type-custom menu-item-object-custom menu-item-has-children avada-menu-login-box menu-item-168 awb-menu__li awb-menu__main-li awb-menu__main-li_regular\"  data-item-id=\"168\"><span class=\"awb-menu__main-background-default awb-menu__main-background-default_fade\"><\/span><span class=\"awb-menu__main-background-active awb-menu__main-background-active_fade\"><\/span><a href=\"https:\/\/forfriends.cafe\/?page_id=37\" aria-haspopup=\"true\" class=\"awb-menu__main-a awb-menu__main-a_regular awb-menu__main-a_icon-only fusion-flex-link\"><span class=\"awb-menu__i awb-menu__i_main\"><i class=\"glyphicon fa-user-alt fas\" aria-hidden=\"true\"><\/i><\/span><span class=\"menu-text menu-text_no-desktop\">WooCommerce My Account<\/span><span class=\"awb-menu__open-nav-submenu-hover\"><\/span><\/a><ul class=\"awb-menu__sub-ul awb-menu__sub-ul_main\"><li class=\"awb-menu__account-li\"><form action=\"https:\/\/forfriends.cafe\/wp-login.php\" name=\"loginform\" method=\"post\"><div class=\"awb-menu__input-wrap\"><label class=\"screen-reader-text hidden\" for=\"username-menu-69ecd6dd04499\">Username:<\/label><input type=\"text\" class=\"input-text\" name=\"log\" id=\"username-menu-69ecd6dd04499\" value=\"\" placeholder=\"Pou\u017e\u00edvate\u013esk\u00e9 meno\" \/><\/div><div class=\"awb-menu__input-wrap\"><label class=\"screen-reader-text hidden\" for=\"password-menu-69ecd6dd04499\">Password:<\/label><input type=\"password\" class=\"input-text\" name=\"pwd\" id=\"password-menu-69ecd6dd04499\" value=\"\" placeholder=\"Heslo\" \/><\/div><label class=\"awb-menu__login-remember\" for=\"awb-menu__remember-menu-69ecd6dd04499\"><input name=\"rememberme\" type=\"checkbox\" id=\"awb-menu__remember-menu-69ecd6dd04499\" value=\"forever\"> Zapam\u00e4ta\u0165 si ma<\/label><input type=\"hidden\" name=\"fusion_woo_login_box\" value=\"true\" \/><div class=\"awb-menu__login-links\"><input type=\"submit\" name=\"wp-submit\" id=\"wp-submit-menu-69ecd6dd04499\" class=\"button button-small default comment-submit\" value=\"Prihl\u00e1si\u0165 sa\"><input type=\"hidden\" name=\"redirect\" value=\"\"><\/div><div class=\"awb-menu__login-reg\"><a href=\"https:\/\/forfriends.cafe\/?page_id=37\" title=\"Registrova\u0165\">Registrova\u0165<\/a><\/div><\/form><\/li><\/ul><\/li><li  id=\"menu-item-149\"  class=\"menu-item menu-item-type-custom menu-item-object-custom empty-cart fusion-widget-cart fusion-menu-cart avada-main-menu-cart fusion-menu-cart-hide-empty-counter fusion-counter-badge menu-item-149 awb-menu__li awb-menu__main-li awb-menu__main-li_regular\"  data-item-id=\"149\"><span class=\"awb-menu__main-background-default awb-menu__main-background-default_fade\"><\/span><span class=\"awb-menu__main-background-active awb-menu__main-background-active_fade\"><\/span><a href=\"https:\/\/forfriends.cafe\/?page_id=35\" class=\"awb-menu__main-a awb-menu__main-a_regular awb-menu__main-a_icon-only fusion-flex-link\"><span class=\"awb-menu__i awb-menu__i_main\"><i class=\"glyphicon fa-shopping-bag fas\" aria-hidden=\"true\"><\/i><\/span><span class=\"menu-text menu-text_no-desktop\">WooCommerce Cart<\/span><span class=\"fusion-widget-cart-number\" style=\"background-color:var(--awb-color1);border-color:rgba(82,54,74,0);color:var(--awb-color3);\" data-digits=\"1\" data-cart-count=\"0\">0<\/span><span class=\"awb-menu__open-nav-submenu-hover\"><\/span><\/a><ul class=\"awb-menu__sub-ul awb-menu__sub-ul_main sub-menu avada-custom-menu-item-contents fusion-menu-cart-items avada-custom-menu-item-contents-empty\"><\/ul><\/li><\/ul><\/nav><\/div><\/div><\/div><\/div><div class=\"fusion-fullwidth fullwidth-box fusion-builder-row-2 fusion-flex-container has-pattern-background has-mask-background nonhundred-percent-fullwidth non-hundred-percent-height-scrolling\" style=\"--awb-border-radius-top-left:0px;--awb-border-radius-top-right:0px;--awb-border-radius-bottom-right:0px;--awb-border-radius-bottom-left:0px;--awb-margin-top:3%;--awb-flex-wrap:wrap;\" ><div class=\"fusion-builder-row fusion-row fusion-flex-align-items-flex-start fusion-flex-content-wrap\" style=\"max-width:1248px;margin-left: calc(-4% \/ 2 );margin-right: calc(-4% \/ 2 );\"><div class=\"fusion-layout-column fusion_builder_column fusion-builder-column-2 fusion_builder_column_1_1 1_1 fusion-flex-column\" style=\"--awb-bg-size:cover;--awb-width-large:100%;--awb-margin-top-large:0px;--awb-spacing-right-large:1.92%;--awb-margin-bottom-large:0px;--awb-spacing-left-large:1.92%;--awb-width-medium:100%;--awb-spacing-right-medium:1.92%;--awb-spacing-left-medium:1.92%;--awb-width-small:100%;--awb-spacing-right-small:1.92%;--awb-spacing-left-small:1.92%;\"><div class=\"fusion-column-wrapper fusion-flex-justify-content-flex-start fusion-content-layout-column\"><div class=\"fusion-text fusion-text-1\" style=\"--awb-text-font-family:&quot;eurostile-extended&quot;;--awb-text-font-style:normal;--awb-text-font-weight:400;\"><div data-block-name=\"woocommerce\/cart\" class=\"wp-block-woocommerce-cart alignwide is-loading\">\n<div data-block-name=\"woocommerce\/filled-cart-block\" class=\"wp-block-woocommerce-filled-cart-block\">\n<div data-block-name=\"woocommerce\/cart-items-block\" class=\"wp-block-woocommerce-cart-items-block\">\n<div data-block-name=\"woocommerce\/cart-line-items-block\" class=\"wp-block-woocommerce-cart-line-items-block\">\u00a0<\/div>\n<div data-block-name=\"woocommerce\/cart-cross-sells-block\" class=\"wp-block-woocommerce-cart-cross-sells-block\">\n<h2 class=\"wp-block-heading has-large-font-size\">Mohlo by v\u00e1s zauj\u00edma\u0165&#8230;<\/h2>\n<div data-block-name=\"woocommerce\/cart-cross-sells-products-block\" class=\"wp-block-woocommerce-cart-cross-sells-products-block\">\u00a0<\/div>\n<\/div>\n<\/div>\n<div data-block-name=\"woocommerce\/cart-totals-block\" class=\"wp-block-woocommerce-cart-totals-block\">\n<div data-block-name=\"woocommerce\/cart-order-summary-block\" class=\"wp-block-woocommerce-cart-order-summary-block\">\n<div data-block-name=\"woocommerce\/cart-order-summary-heading-block\" class=\"wp-block-woocommerce-cart-order-summary-heading-block\">\u00a0<\/div>\n<div data-block-name=\"woocommerce\/cart-order-summary-coupon-form-block\" class=\"wp-block-woocommerce-cart-order-summary-coupon-form-block\">\u00a0<\/div>\n<div data-block-name=\"woocommerce\/cart-order-summary-totals-block\" class=\"wp-block-woocommerce-cart-order-summary-totals-block\">\n<div data-block-name=\"woocommerce\/cart-order-summary-subtotal-block\" class=\"wp-block-woocommerce-cart-order-summary-subtotal-block\">\u00a0<\/div>\n<div data-block-name=\"woocommerce\/cart-order-summary-discount-block\" class=\"wp-block-woocommerce-cart-order-summary-discount-block\">\u00a0<\/div>\n<div data-block-name=\"woocommerce\/cart-order-summary-fee-block\" class=\"wp-block-woocommerce-cart-order-summary-fee-block\">\u00a0<\/div>\n<div data-block-name=\"woocommerce\/cart-order-summary-shipping-block\" class=\"wp-block-woocommerce-cart-order-summary-shipping-block\">\u00a0<\/div>\n<div data-block-name=\"woocommerce\/cart-order-summary-taxes-block\" class=\"wp-block-woocommerce-cart-order-summary-taxes-block\">\u00a0<\/div>\n<\/div>\n<\/div>\n<div data-block-name=\"woocommerce\/cart-express-payment-block\" class=\"wp-block-woocommerce-cart-express-payment-block\">\u00a0<\/div>\n<div data-block-name=\"woocommerce\/proceed-to-checkout-block\" class=\"wp-block-woocommerce-proceed-to-checkout-block\">\u00a0<\/div>\n<div data-block-name=\"woocommerce\/cart-accepted-payment-methods-block\" class=\"wp-block-woocommerce-cart-accepted-payment-methods-block\">\u00a0<\/div>\n<\/div>\n<\/div>\n<div data-block-name=\"woocommerce\/empty-cart-block\" class=\"wp-block-woocommerce-empty-cart-block\">\n<h2 class=\"wp-block-heading has-text-align-center with-empty-cart-icon wc-block-cart__empty-cart__title\">V\u00e1\u0161 ko\u0161\u00edk je moment\u00e1lne pr\u00e1zdny!<\/h2>\n<hr class=\"wp-block-separator has-alpha-channel-opacity is-style-dots\" \/>\n<h2 class=\"wp-block-heading has-text-align-center\">Novinky v obchode<\/h2>\n<div data-block-name=\"woocommerce\/product-new\" data-columns=\"4\" data-rows=\"1\" class=\"wc-block-grid wp-block-product-new wp-block-woocommerce-product-new wc-block-product-new has-4-columns\">\n<ul class=\"wc-block-grid__products\">\n<li class=\"wc-block-grid__product\">\n\t\t\t\t<a href=\"https:\/\/forfriends.cafe\/?product=coffee-for-friends\" class=\"wc-block-grid__product-link\"><\/p>\n<div class=\"wc-block-grid__product-image\"><img decoding=\"async\" width=\"500\" height=\"469\" src=\"https:\/\/forfriends.cafe\/wp-content\/uploads\/2025\/02\/Coffee-for-Friends-png-500x469.webp\" class=\"attachment-woocommerce_thumbnail size-woocommerce_thumbnail\" alt=\"Coffee For Friends 500g\" srcset=\"https:\/\/forfriends.cafe\/wp-content\/uploads\/2025\/02\/Coffee-for-Friends-200x188.webp 200w, https:\/\/forfriends.cafe\/wp-content\/uploads\/2025\/02\/Coffee-for-Friends-300x281.webp 300w, https:\/\/forfriends.cafe\/wp-content\/uploads\/2025\/02\/Coffee-for-Friends-400x375.webp 400w, https:\/\/forfriends.cafe\/wp-content\/uploads\/2025\/02\/Coffee-for-Friends-png-500x469.webp 500w, https:\/\/forfriends.cafe\/wp-content\/uploads\/2025\/02\/Coffee-for-Friends-600x563.webp 600w, https:\/\/forfriends.cafe\/wp-content\/uploads\/2025\/02\/Coffee-for-Friends-png-700x656.webp 700w, https:\/\/forfriends.cafe\/wp-content\/uploads\/2025\/02\/Coffee-for-Friends-768x720.webp 768w, https:\/\/forfriends.cafe\/wp-content\/uploads\/2025\/02\/Coffee-for-Friends-800x750.webp 800w, https:\/\/forfriends.cafe\/wp-content\/uploads\/2025\/02\/Coffee-for-Friends-1024x960.webp 1024w, https:\/\/forfriends.cafe\/wp-content\/uploads\/2025\/02\/Coffee-for-Friends-1200x1125.webp 1200w, https:\/\/forfriends.cafe\/wp-content\/uploads\/2025\/02\/Coffee-for-Friends-1536x1440.webp 1536w, https:\/\/forfriends.cafe\/wp-content\/uploads\/2025\/02\/Coffee-for-Friends-png.webp 1600w\" sizes=\"(max-width: 500px) 100vw, 500px\" \/><\/div>\n<div class=\"wc-block-grid__product-title\">Coffee For Friends 500g<\/div>\n<p>\t\t\t\t<\/a><\/p>\n<div class=\"wc-block-grid__product-price price\"><span class=\"woocommerce-Price-amount amount\">12,99&nbsp;<span class=\"woocommerce-Price-currencySymbol\">&euro;<\/span><\/span><\/div>\n<div class=\"wp-block-button wc-block-grid__product-add-to-cart\"><a href=\"?add-to-cart=90\" aria-label=\"Add to cart: &ldquo;Coffee For Friends 500g&rdquo;\" data-quantity=\"1\" data-product_id=\"90\" data-product_sku=\"\" data-price=\"12.99\" rel=\"nofollow\" class=\"wp-block-button__link  add_to_cart_button ajax_add_to_cart\">Prida\u0165 do ko\u0161\u00edka<\/a><\/div>\n<\/li>\n<\/ul>\n<\/div>\n<\/div>\n<\/div>\n<p>&nbsp;<\/p>\n<\/div><\/div><\/div><\/div><\/div><\/p>","protected":false},"excerpt":{"rendered":"","protected":false},"author":1,"featured_media":0,"parent":0,"menu_order":0,"comment_status":"closed","ping_status":"closed","template":"100-width.php","meta":{"_monsterinsights_skip_tracking":false,"_monsterinsights_sitenote_active":false,"_monsterinsights_sitenote_note":"","_monsterinsights_sitenote_category":0,"footnotes":""},"class_list":["post-35","page","type-page","status-publish","hentry"],"yoast_head":"<!-- This site is optimized with the Yoast SEO plugin v24.5 - https:\/\/yoast.com\/wordpress\/plugins\/seo\/ -->\n<title>Ko\u0161\u00edk - forfriends.cafe<\/title>\n<meta name=\"robots\" content=\"index, follow, max-snippet:-1, max-image-preview:large, max-video-preview:-1\" \/>\n<link rel=\"canonical\" href=\"https:\/\/forfriends.cafe\/?page_id=35\" \/>\n<meta property=\"og:locale\" content=\"sk_SK\" \/>\n<meta property=\"og:type\" content=\"article\" \/>\n<meta property=\"og:title\" content=\"Ko\u0161\u00edk - forfriends.cafe\" \/>\n<meta property=\"og:url\" content=\"https:\/\/forfriends.cafe\/?page_id=35\" \/>\n<meta property=\"og:site_name\" content=\"forfriends.cafe\" \/>\n<meta property=\"article:modified_time\" content=\"2025-02-20T14:51:17+00:00\" \/>\n<meta name=\"twitter:card\" content=\"summary_large_image\" \/>\n<meta name=\"twitter:label1\" content=\"Predpokladan\u00fd \u010das \u010d\u00edtania\" \/>\n\t<meta name=\"twitter:data1\" content=\"1 min\u00fata\" \/>\n<script type=\"application\/ld+json\" class=\"yoast-schema-graph\">{\"@context\":\"https:\/\/schema.org\",\"@graph\":[{\"@type\":\"WebPage\",\"@id\":\"https:\/\/forfriends.cafe\/?page_id=35\",\"url\":\"https:\/\/forfriends.cafe\/?page_id=35\",\"name\":\"Ko\u0161\u00edk - forfriends.cafe\",\"isPartOf\":{\"@id\":\"https:\/\/forfriends.cafe\/#website\"},\"datePublished\":\"2025-02-18T13:32:49+00:00\",\"dateModified\":\"2025-02-20T14:51:17+00:00\",\"breadcrumb\":{\"@id\":\"https:\/\/forfriends.cafe\/?page_id=35#breadcrumb\"},\"inLanguage\":\"sk-SK\",\"potentialAction\":[{\"@type\":\"ReadAction\",\"target\":[\"https:\/\/forfriends.cafe\/?page_id=35\"]}]},{\"@type\":\"BreadcrumbList\",\"@id\":\"https:\/\/forfriends.cafe\/?page_id=35#breadcrumb\",\"itemListElement\":[{\"@type\":\"ListItem\",\"position\":1,\"name\":\"Home\",\"item\":\"https:\/\/forfriends.cafe\/\"},{\"@type\":\"ListItem\",\"position\":2,\"name\":\"Ko\u0161\u00edk\"}]},{\"@type\":\"WebSite\",\"@id\":\"https:\/\/forfriends.cafe\/#website\",\"url\":\"https:\/\/forfriends.cafe\/\",\"name\":\"forfriends.cafe\",\"description\":\"K\u00e1va, ktor\u00e1 spoj\u00ed v\u0161etk\u00fdch od rann\u00fdch bru\u010dounov po ve\u010dn\u00fdch optimistov\",\"potentialAction\":[{\"@type\":\"SearchAction\",\"target\":{\"@type\":\"EntryPoint\",\"urlTemplate\":\"https:\/\/forfriends.cafe\/?s={search_term_string}\"},\"query-input\":{\"@type\":\"PropertyValueSpecification\",\"valueRequired\":true,\"valueName\":\"search_term_string\"}}],\"inLanguage\":\"sk-SK\"}]}<\/script>\n<!-- \/ Yoast SEO plugin. -->","yoast_head_json":{"title":"Ko\u0161\u00edk - forfriends.cafe","robots":{"index":"index","follow":"follow","max-snippet":"max-snippet:-1","max-image-preview":"max-image-preview:large","max-video-preview":"max-video-preview:-1"},"canonical":"https:\/\/forfriends.cafe\/?page_id=35","og_locale":"sk_SK","og_type":"article","og_title":"Ko\u0161\u00edk - forfriends.cafe","og_url":"https:\/\/forfriends.cafe\/?page_id=35","og_site_name":"forfriends.cafe","article_modified_time":"2025-02-20T14:51:17+00:00","twitter_card":"summary_large_image","twitter_misc":{"Predpokladan\u00fd \u010das \u010d\u00edtania":"1 min\u00fata"},"schema":{"@context":"https:\/\/schema.org","@graph":[{"@type":"WebPage","@id":"https:\/\/forfriends.cafe\/?page_id=35","url":"https:\/\/forfriends.cafe\/?page_id=35","name":"Ko\u0161\u00edk - forfriends.cafe","isPartOf":{"@id":"https:\/\/forfriends.cafe\/#website"},"datePublished":"2025-02-18T13:32:49+00:00","dateModified":"2025-02-20T14:51:17+00:00","breadcrumb":{"@id":"https:\/\/forfriends.cafe\/?page_id=35#breadcrumb"},"inLanguage":"sk-SK","potentialAction":[{"@type":"ReadAction","target":["https:\/\/forfriends.cafe\/?page_id=35"]}]},{"@type":"BreadcrumbList","@id":"https:\/\/forfriends.cafe\/?page_id=35#breadcrumb","itemListElement":[{"@type":"ListItem","position":1,"name":"Home","item":"https:\/\/forfriends.cafe\/"},{"@type":"ListItem","position":2,"name":"Ko\u0161\u00edk"}]},{"@type":"WebSite","@id":"https:\/\/forfriends.cafe\/#website","url":"https:\/\/forfriends.cafe\/","name":"forfriends.cafe","description":"K\u00e1va, ktor\u00e1 spoj\u00ed v\u0161etk\u00fdch od rann\u00fdch bru\u010dounov po ve\u010dn\u00fdch optimistov","potentialAction":[{"@type":"SearchAction","target":{"@type":"EntryPoint","urlTemplate":"https:\/\/forfriends.cafe\/?s={search_term_string}"},"query-input":{"@type":"PropertyValueSpecification","valueRequired":true,"valueName":"search_term_string"}}],"inLanguage":"sk-SK"}]}},"_links":{"self":[{"href":"https:\/\/forfriends.cafe\/index.php?rest_route=\/wp\/v2\/pages\/35","targetHints":{"allow":["GET"]}}],"collection":[{"href":"https:\/\/forfriends.cafe\/index.php?rest_route=\/wp\/v2\/pages"}],"about":[{"href":"https:\/\/forfriends.cafe\/index.php?rest_route=\/wp\/v2\/types\/page"}],"author":[{"embeddable":true,"href":"https:\/\/forfriends.cafe\/index.php?rest_route=\/wp\/v2\/users\/1"}],"replies":[{"embeddable":true,"href":"https:\/\/forfriends.cafe\/index.php?rest_route=%2Fwp%2Fv2%2Fcomments&post=35"}],"version-history":[{"count":6,"href":"https:\/\/forfriends.cafe\/index.php?rest_route=\/wp\/v2\/pages\/35\/revisions"}],"predecessor-version":[{"id":180,"href":"https:\/\/forfriends.cafe\/index.php?rest_route=\/wp\/v2\/pages\/35\/revisions\/180"}],"wp:attachment":[{"href":"https:\/\/forfriends.cafe\/index.php?rest_route=%2Fwp%2Fv2%2Fmedia&parent=35"}],"curies":[{"name":"wp","href":"https:\/\/api.w.org\/{rel}","templated":true}]}}